{"id":54,"date":"2017-09-20T09:19:08","date_gmt":"2017-09-20T09:19:08","guid":{"rendered":"https:\/\/itpm-laayoune.ac.ma\/?page_id=54"},"modified":"2025-06-19T21:11:38","modified_gmt":"2025-06-19T21:11:38","slug":"page-daccueil","status":"publish","type":"page","link":"https:\/\/itpm-laayoune.ac.ma\/","title":{"rendered":"Page d\u2019accueil"},"content":{"rendered":"<p>[vc_row full_width=&#8221;stretch_row&#8221; full_height=&#8221;yes&#8221; equal_height=&#8221;yes&#8221; css=&#8221;.vc_custom_1619874051987{padding-top: 0px !important;padding-bottom: 0px !important;background-image: url(https:\/\/itpm-laayoune.ac.ma\/wp-content\/uploads\/2021\/04\/WhatsApp-Image-2021-04-28-at-11.58.08.jpeg?id=2590) !important;background-position: center !important;background-repeat: no-repeat !important;background-size: cover !important;}&#8221;][vc_column width=&#8221;1\/2&#8243; offset=&#8221;vc_col-lg-6 vc_col-md-6&#8243;]<div class=\"rt-vc-text-title  style1\" style=\"\">\n\t\t\t<h2 class=\"rtin-title\">Bienvenue \u00e0 l&#039;ITPM<\/h2>\n\t\t\t\t<p class=\"rtin-content\"><strong>l&#8217;Institut de Technologie des P\u00eaches Maritimes (ITPM) de La\u00e2youne <\/strong>s&#8217;inscrit dans le cadre du d\u00e9veloppement des activit\u00e9s de p\u00eache dans les Provinces du Sud du Royaume, en vue de r\u00e9pondre aux besoins d&#8217;emploi et d&#8217;encadrement de la flotte de p\u00eache maritime.<strong><br \/>\n<\/strong><\/p>\n<p><strong>L\u2019ITPM a pour mission la contribution au d\u00e9veloppement du pays par la formation, la recherche et l\u2019expertise .<\/strong><\/p>\n<ul>\n<li>Il assure la formation des techniciens destin\u00e9s aux diff\u00e9rentes branches de l\u2019activit\u00e9 des p\u00eaches maritimes;<\/li>\n<li>Donner la possibilit\u00e9 aux marins en activit\u00e9 de se perfectionner et de participer \u00e0 des sessions de formation continue ;<\/li>\n<li>Veiller \u00e0 la mise en \u0153uvre d&#8217;actions de proximit\u00e9, par le biais de la vulgarisation,<\/li>\n<\/ul>\n<p><\/p>\n\t\t\t\t<div class=\"rtin-btn\"><a href=\"https:\/\/itpm-laayoune.ac.ma\/?page_id=2601\">Lire la suite ...<\/a><\/div>\n\t<\/div>[\/vc_column][\/vc_row][vc_section full_width=&#8221;stretch_row_content&#8221; content_placement=&#8221;middle&#8221;][vc_row][vc_column width=&#8221;1\/5&#8243;]<div class=\"media rt-info-box vc_custom_1619564000541 layout5\" style=\"\">\n    <div class=\"rtin-icon rounded\" style=\"\">\n                    <i class=\"fas fa-chalkboard-teacher\" aria-hidden=\"true\" style=\"\"><\/i>\n            <\/div>\n    <div class=\"media-body\">\n        <h3 class=\"media-heading\" style=\"\">400<\/h3>\n                    <p class=\"mb0\" style=\"\">Places p\u00e9dagogique<\/p>\n            <\/div>\n    <div class=\"clear\"><\/div>\n<\/div>[\/vc_column][vc_column width=&#8221;1\/5&#8243;]<div class=\"media rt-info-box vc_custom_1619563893848 layout5\" style=\"\">\n    <div class=\"rtin-icon\" style=\"\">\n                    <i class=\"fas fa-user-graduate\" aria-hidden=\"true\" style=\"\"><\/i>\n            <\/div>\n    <div class=\"media-body\">\n        <h3 class=\"media-heading\" style=\"\">37<\/h3>\n                    <p class=\"mb0\" style=\"\">Ans d&#8217;exp\u00e9rience<\/p>\n            <\/div>\n    <div class=\"clear\"><\/div>\n<\/div>[\/vc_column][vc_column width=&#8221;1\/5&#8243;]<div class=\"media rt-info-box vc_custom_1619564061270 layout5\" style=\"\">\n    <div class=\"rtin-icon rounded\" style=\"\">\n                    <i class=\"fas fa-ship\" aria-hidden=\"true\" style=\"\"><\/i>\n            <\/div>\n    <div class=\"media-body\">\n        <h3 class=\"media-heading\" style=\"\">90%<\/h3>\n                    <p class=\"mb0\" style=\"\">Insertion<\/p>\n            <\/div>\n    <div class=\"clear\"><\/div>\n<\/div>[\/vc_column][vc_column width=&#8221;1\/5&#8243;]<div class=\"media rt-info-box vc_custom_1619564042878 layout5\" style=\"\">\n    <div class=\"rtin-icon rounded\" style=\"\">\n                    <i class=\"fas fa-stream\" aria-hidden=\"true\" style=\"\"><\/i>\n            <\/div>\n    <div class=\"media-body\">\n        <h3 class=\"media-heading\" style=\"\">3<\/h3>\n                    <p class=\"mb0\" style=\"\">Modes de formation<\/p>\n            <\/div>\n    <div class=\"clear\"><\/div>\n<\/div>[\/vc_column][vc_column width=&#8221;1\/5&#8243;]<div class=\"media rt-info-box vc_custom_1619564022936 layout5\" style=\"\">\n    <div class=\"rtin-icon rounded\" style=\"\">\n                    <i class=\"fas fa-water\" aria-hidden=\"true\" style=\"\"><\/i>\n            <\/div>\n    <div class=\"media-body\">\n        <h3 class=\"media-heading\" style=\"\">7<\/h3>\n                    <p class=\"mb0\" style=\"\">Fili\u00e8res<\/p>\n            <\/div>\n    <div class=\"clear\"><\/div>\n<\/div>[\/vc_column][\/vc_row][\/vc_section][vc_row gap=&#8221;10&#8243; content_placement=&#8221;middle&#8221; parallax=&#8221;content-moving-fade&#8221; css=&#8221;.vc_custom_1725311852168{margin-top: 0px !important;margin-right: 0px !important;margin-bottom: 0px !important;margin-left: 0px !important;padding-top: 0px !important;padding-right: 0px !important;padding-bottom: 0px !important;padding-left: 0px !important;}&#8221;][vc_column css=&#8221;.vc_custom_1619191061859{margin-bottom: 5px !important;}&#8221;]<div class=\"rt-vc-posts\">\n\t<h2 class=\"rt-vc-title-left\">Actualit\u00e9s et \u00e9v\u00e8nements<\/h2>\n\t\t\t<div class=\"rtin-item\" style=\"background-color:#ffffff;\">\n\t\t\t\t\t\t\t\t\t\t\t<div class=\"media media-list\">\n\t\t\t\t\t<div class=\"media-left rtin-img\">\n\t\t\t\t\t\t<a href=\"https:\/\/itpm-laayoune.ac.ma\/?p=11701\">\n\t\t\t\t\t\t\t<img decoding=\"async\" width=\"150\" height=\"100\" src=\"https:\/\/itpm-laayoune.ac.ma\/wp-content\/uploads\/2023\/07\/Capture-decran-2023-07-26-233002-150x100.png\" class=\"attachment-rdtheme-size5 size-rdtheme-size5 wp-post-image\" alt=\"\" srcset=\"https:\/\/itpm-laayoune.ac.ma\/wp-content\/uploads\/2023\/07\/Capture-decran-2023-07-26-233002-150x100.png 150w, https:\/\/itpm-laayoune.ac.ma\/wp-content\/uploads\/2023\/07\/Capture-decran-2023-07-26-233002-300x200.png 300w, https:\/\/itpm-laayoune.ac.ma\/wp-content\/uploads\/2023\/07\/Capture-decran-2023-07-26-233002-768x511.png 768w, https:\/\/itpm-laayoune.ac.ma\/wp-content\/uploads\/2023\/07\/Capture-decran-2023-07-26-233002.png 815w, https:\/\/itpm-laayoune.ac.ma\/wp-content\/uploads\/2023\/07\/Capture-decran-2023-07-26-233002-300x200@2x.png 600w\" sizes=\"(max-width: 150px) 100vw, 150px\" \/>\t\t\t\t\t\t\n\t\t\t\t\t\t<\/a>\n\t\t\t\t\t<\/div>\n\t\t\t\t\t<div class=\"media-body rtin-content-area\">\n\t\t\t\t\t\t<h3><a href=\"https:\/\/itpm-laayoune.ac.ma\/?p=11701\">\u0625\u0639\u0644\u0627\u0646 \u062d\u0648\u0644 \u0627\u0633\u062a\u062f\u0639\u0627\u0621 \u0627\u0644\u0645\u062a\u0631\u0634\u062d\u064a\u0646 \u0628\u0644\u0627\u0626\u062d\u0629 \u0627\u0644\u0627\u0646\u062a\u0638\u0627\u0631<\/a><\/h3>\n\t\t\t\t\t\t<div class=\"rtin-date\">September 10, 2025<\/div>\n\t\t\t\t\t\t<p class=\"rtin-content\">\u064a\u064f\u0639\u0644\u0646 \u0645\u0639\u0647\u062f \u0627\u0644\u062a\u0643\u0646\u0648\u0644\u0648\u062c\u064a\u0627 \u0644\u0644\u0635\u064a\u062f \u0627\u0644\u0628\u062d\u0631\u064a \u0628\u0627\u0644\u0639\u064a\u0648\u0646 \u0625\u0644\u0649 \u0639\u0644\u0645 \u0627\u0644\u0645\u062a\u0631\u0634\u062d\u064a\u0646 \u0627\u0644\u0630\u064a\u0646&hellip;<\/p>\n\t\t\t\t\t<\/div>\n\t\t\t\t<\/div>\n\t\t\t\t\t\t\t\t\t\t\t<div class=\"media media-list\">\n\t\t\t\t\t<div class=\"media-left rtin-img\">\n\t\t\t\t\t\t<a href=\"https:\/\/itpm-laayoune.ac.ma\/?p=11685\">\n\t\t\t\t\t\t\t<img decoding=\"async\" width=\"150\" height=\"100\" src=\"https:\/\/itpm-laayoune.ac.ma\/wp-content\/uploads\/2023\/07\/Capture-decran-2023-07-26-233002-150x100.png\" class=\"attachment-rdtheme-size5 size-rdtheme-size5 wp-post-image\" alt=\"\" srcset=\"https:\/\/itpm-laayoune.ac.ma\/wp-content\/uploads\/2023\/07\/Capture-decran-2023-07-26-233002-150x100.png 150w, https:\/\/itpm-laayoune.ac.ma\/wp-content\/uploads\/2023\/07\/Capture-decran-2023-07-26-233002-300x200.png 300w, https:\/\/itpm-laayoune.ac.ma\/wp-content\/uploads\/2023\/07\/Capture-decran-2023-07-26-233002-768x511.png 768w, https:\/\/itpm-laayoune.ac.ma\/wp-content\/uploads\/2023\/07\/Capture-decran-2023-07-26-233002.png 815w, https:\/\/itpm-laayoune.ac.ma\/wp-content\/uploads\/2023\/07\/Capture-decran-2023-07-26-233002-300x200@2x.png 600w\" sizes=\"(max-width: 150px) 100vw, 150px\" \/>\t\t\t\t\t\t\n\t\t\t\t\t\t<\/a>\n\t\t\t\t\t<\/div>\n\t\t\t\t\t<div class=\"media-body rtin-content-area\">\n\t\t\t\t\t\t<h3><a href=\"https:\/\/itpm-laayoune.ac.ma\/?p=11685\">\u0627\u0644\u0646\u062a\u0627\u0626\u062c \u0627\u0644\u0646\u0647\u0627\u0626\u064a\u0629 \u0644\u0645\u0628\u0627\u0631\u0627\u0629 \u0648\u0644\u0648\u062c \u0645\u0639\u0647\u062f \u062a\u0643\u0646\u0648\u0644\u0648\u062c\u064a\u0627 \u0627\u0644\u0635\u064a\u062f \u0627\u0644\u0628\u062d\u0631\u064a \u0628\u0627\u0644\u0645\u0631\u0633\u0649 \u0627\u0644\u0639\u064a\u0648\u0646<\/a><\/h3>\n\t\t\t\t\t\t<div class=\"rtin-date\">July 28, 2025<\/div>\n\t\t\t\t\t\t<p class=\"rtin-content\">\u062a\u0646\u0647\u064a \u0625\u062f\u0627\u0631\u0629 \u0645\u0639\u0647\u062f \u0627\u0644\u062a\u0643\u0646\u0648\u0644\u0648\u062c\u064a\u0627 \u0644\u0644\u0635\u064a\u062f \u0627\u0644\u0628\u062d\u0631\u064a \u0628\u0627\u0644\u0639\u064a\u0648\u0646 \u0625\u0644\u0649 \u0639\u0644\u0645 \u0627\u0644\u0645\u062a\u0631\u0634\u062d\u064a\u0646&hellip;<\/p>\n\t\t\t\t\t<\/div>\n\t\t\t\t<\/div>\n\t\t\t\t\t\t\t\t\t\t\t<div class=\"media media-list\">\n\t\t\t\t\t<div class=\"media-left rtin-img\">\n\t\t\t\t\t\t<a href=\"https:\/\/itpm-laayoune.ac.ma\/?p=11674\">\n\t\t\t\t\t\t\t<img decoding=\"async\" width=\"150\" height=\"100\" src=\"https:\/\/itpm-laayoune.ac.ma\/wp-content\/uploads\/2024\/07\/logoo-150x100.png\" class=\"attachment-rdtheme-size5 size-rdtheme-size5 wp-post-image\" alt=\"\" srcset=\"https:\/\/itpm-laayoune.ac.ma\/wp-content\/uploads\/2024\/07\/logoo-150x100.png 150w, https:\/\/itpm-laayoune.ac.ma\/wp-content\/uploads\/2024\/07\/logoo-150x100@2x.png 300w\" sizes=\"(max-width: 150px) 100vw, 150px\" \/>\t\t\t\t\t\t\n\t\t\t\t\t\t<\/a>\n\t\t\t\t\t<\/div>\n\t\t\t\t\t<div class=\"media-body rtin-content-area\">\n\t\t\t\t\t\t<h3><a href=\"https:\/\/itpm-laayoune.ac.ma\/?p=11674\">\u0625\u0639\u0644\u0627\u0646 \u0639\u0646 \u0623\u0633\u0645\u0627\u0621 \u0627\u0644\u0645\u062f\u0639\u0648\u064a\u0646 \u0644\u0627\u062c\u062a\u064a\u0627\u0632 \u0645\u0628\u0627\u0631\u0627\u0629 \u0648\u0644\u0648\u062c \u0627\u0644\u0645\u0639\u0647\u062f<\/a><\/h3>\n\t\t\t\t\t\t<div class=\"rtin-date\">July 23, 2025<\/div>\n\t\t\t\t\t\t<p class=\"rtin-content\">\u064a\u0639\u0644\u0646 \u0645\u0639\u0647\u062f \u0627\u0644\u062a\u0643\u0646\u0648\u0644\u0648\u062c\u064a\u0627 \u0644\u0644\u0635\u064a\u062f \u0627\u0644\u0628\u062d\u0631\u064a \u0628\u0627\u0644\u0639\u064a\u0648\u0646 \u0639\u0646 \u0644\u0627\u0626\u062d\u0629 \u0627\u0644\u0645\u062a\u0631\u0634\u062d\u064a\u0646 \u0627\u0644\u0645\u062f\u0639\u0648\u064a\u0646&hellip;<\/p>\n\t\t\t\t\t<\/div>\n\t\t\t\t<\/div>\n\t\t\t\t\t\t\n\t\t<\/div>\n\t\t\t\t\t\t\t<\/div>[\/vc_column][\/vc_row][vc_row gap=&#8221;5&#8243; equal_height=&#8221;yes&#8221; content_placement=&#8221;top&#8221; css=&#8221;.vc_custom_1625313378745{margin-top: 0px !important;margin-right: 0px !important;margin-bottom: 0px !important;margin-left: 0px !important;padding-top: 0px !important;padding-right: 0px !important;padding-bottom: 0px !important;padding-left: 0px !important;background-color: rgba(255,255,255,0.9) !important;background-position: center !important;background-repeat: no-repeat !important;background-size: cover !important;*background-color: rgb(255,255,255) !important;}&#8221;][vc_column css=&#8221;.vc_custom_1625313634008{margin-top: 20px !important;}&#8221; el_class=&#8221;inside-slider&#8221;][vc_column_text][\/vc_column_text][\/vc_column][\/vc_row][vc_row full_width=&#8221;stretch_row&#8221; gap=&#8221;5&#8243; full_height=&#8221;yes&#8221; equal_height=&#8221;yes&#8221; css=&#8221;.vc_custom_1619873892088{border-bottom-width: 10px !important;background-position: center !important;background-repeat: no-repeat !important;background-size: cover !important;}&#8221;][vc_column css=&#8221;.vc_custom_1618839330961{margin-top: 0px !important;border-top-width: 0px !important;padding-top: 0px !important;}&#8221;]<div class=\"rt-vc-text-title  style3\" style=\"\">\n\t\t\t<h2 class=\"rtin-title\">Infrastructure<\/h2>\n\t\t\t\t<p class=\"rtin-content\">Pour\u00a0<strong>renforcer les enseignements<\/strong>\u00a0dispens\u00e9s l\u2019<strong>ITPM de LAAYOUNE<\/strong>\u00a0s\u2019est dot\u00e9 d\u2019\u00e9quipements r\u00e9els, de\u00a0<strong>simulateurs<\/strong>, de\u00a0<strong>mat\u00e9riel de pointe<\/strong>, pour que les stagiaires puissent\u00a0<strong>mettre en pratique<\/strong>\u00a0les connaissances acquises de mani\u00e8re\u00a0<strong>optimale<\/strong>.<\/p>\n\t\t<\/div>[vc_row_inner equal_height=&#8221;yes&#8221; content_placement=&#8221;bottom&#8221; gap=&#8221;10&#8243; css=&#8221;.vc_custom_1619873960244{border-top-width: 0px !important;padding-top: 10px !important;padding-bottom: 10px !important;background-image: url(https:\/\/itpm-laayoune.ac.ma\/wp-content\/uploads\/2017\/10\/bg.jpg?id=1029) !important;}&#8221;][vc_column_inner width=&#8221;1\/4&#8243;]<div class=\"rt-vc-counter \" >\n\t<div class=\"rtin-left\">\n\t\t<div class=\"rtin-counter\" style=\"color:#ffffff;\"><span class=\"rtin-counter-num\" data-num=\"6\" data-rtSpeed=\"5000\" data-rtSteps=\"1\">6<\/span><\/div>\n\t<\/div>\n\t<div class=\"rtin-right\">\n\t\t<div class=\"rtin-title\" style=\"color:#ffffff;\">Ateliers<\/div>\n\t<\/div>\n\t<div class=\"clear\"><\/div>\n<\/div>[\/vc_column_inner][vc_column_inner width=&#8221;1\/4&#8243;]<div class=\"rt-vc-counter \" >\n\t<div class=\"rtin-left\">\n\t\t<div class=\"rtin-counter\" style=\"color:#ffffff;\"><span class=\"rtin-counter-num\" data-num=\"1\" data-rtSpeed=\"500\" data-rtSteps=\"1\">1<\/span><\/div>\n\t<\/div>\n\t<div class=\"rtin-right\">\n\t\t<div class=\"rtin-title\" style=\"color:#ffffff;\">Centre de s\u00e9curit\u00e9<\/div>\n\t<\/div>\n\t<div class=\"clear\"><\/div>\n<\/div>[\/vc_column_inner][vc_column_inner width=&#8221;1\/4&#8243;]<div class=\"rt-vc-counter \" >\n\t<div class=\"rtin-left\">\n\t\t<div class=\"rtin-counter\" style=\"color:#ffffff;\"><span class=\"rtin-counter-num\" data-num=\"1\" data-rtSpeed=\"500\" data-rtSteps=\"1\">1<\/span><\/div>\n\t<\/div>\n\t<div class=\"rtin-right\">\n\t\t<div class=\"rtin-title\" style=\"color:#ffffff;\">Bassin des essais<\/div>\n\t<\/div>\n\t<div class=\"clear\"><\/div>\n<\/div>[\/vc_column_inner][vc_column_inner el_class=&#8221;Salle simulateur de p\u00eache&#8221; width=&#8221;1\/4&#8243; el_id=&#8221;1&#8243;]<div class=\"rt-vc-counter \" >\n\t<div class=\"rtin-left\">\n\t\t<div class=\"rtin-counter\" style=\"color:#ffffff;\"><span class=\"rtin-counter-num\" data-num=\"1\" data-rtSpeed=\"500\" data-rtSteps=\"1\">1<\/span><\/div>\n\t<\/div>\n\t<div class=\"rtin-right\">\n\t\t<div class=\"rtin-title\" style=\"color:#ffffff;\">Salle simulateur de p\u00eache<\/div>\n\t<\/div>\n\t<div class=\"clear\"><\/div>\n<\/div>[\/vc_column_inner][\/vc_row_inner][\/vc_column][\/vc_row][vc_row css=&#8221;.vc_custom_1619094788210{padding-top: 0px !important;padding-bottom: 0px !important;}&#8221;][vc_column]<div class=\"rt-vc-text-title  style1\" style=\"\">\n\t\t\t<h2 class=\"rtin-title\">T\u00e9moignages stagiaires<\/h2>\n\t\t\t<\/div><div class=\"rt-vc-testimonial\">\n\t<div class=\"owl-theme owl-carousel rt-owl-carousel\" data-carousel-options=\"{&quot;nav&quot;:false,&quot;dots&quot;:true,&quot;autoplay&quot;:true,&quot;autoplayTimeout&quot;:&quot;3000&quot;,&quot;autoplaySpeed&quot;:&quot;200&quot;,&quot;autoplayHoverPause&quot;:true,&quot;loop&quot;:true,&quot;margin&quot;:30,&quot;responsive&quot;:{&quot;0&quot;:{&quot;items&quot;:1},&quot;480&quot;:{&quot;items&quot;:2}}}\">\n\t\t\t\t\t\t\t\t\t\t\t\t\t<div class=\"rt-item\">\n\t\t\t\t\t<div class=\"rt-item-img\">\n\t\t\t\t\t\t\t\t\t\t\t<\/div>\n\t\t\t\t\t<div class=\"rt-item-content-holder\">\n\t\t\t\t\t\t<h3 class=\"rt-item-title\" style=\"\">Mohamed ALI<\/h3>\n\t\t\t\t\t\t\t\t\t\t\t\t\t<span class=\"rt-item-designation\" style=\"\">Ancien stagiaire<\/span>\n\t\t\t\t\t\t\t\t\t\n\t\t\t\t\t\t<p class=\"rt-item-content\" style=\"\">Retrouver un emploi rapidement gr\u00e2ce \u00e0 la formations que j&#039;ai suivie \u00e0 L&#039;ITPMA de LAAYOUNE.<\/p>\n\t\t\t\t\t<\/div>\n\t\t\t\t<\/div>\n\t\t\t\t\t\t\t\t\t\t\t<div class=\"rt-item\">\n\t\t\t\t\t<div class=\"rt-item-img\">\n\t\t\t\t\t\t\t\t\t\t\t<\/div>\n\t\t\t\t\t<div class=\"rt-item-content-holder\">\n\t\t\t\t\t\t<h3 class=\"rt-item-title\" style=\"\">Said FAKIR<\/h3>\n\t\t\t\t\t\t\t\t\t\t\t\t\t<span class=\"rt-item-designation\" style=\"\">Ancien stagiaire<\/span>\n\t\t\t\t\t\t\t\t\t\n\t\t\t\t\t\t<p class=\"rt-item-content\" style=\"\">En plus de mon dipl\u00f4me, l\u2019ITPM de LAAYOUNE m&#039;a apport\u00e9 une nouvelle vision de mon futur professionnel. Une envie de changer et de m&#039;investir dans cette voie.<\/p>\n\t\t\t\t\t<\/div>\n\t\t\t\t<\/div>\n\t\t\t\t\t\t\t\t\t\t\t<div class=\"rt-item\">\n\t\t\t\t\t<div class=\"rt-item-img\">\n\t\t\t\t\t\t\t\t\t\t\t<\/div>\n\t\t\t\t\t<div class=\"rt-item-content-holder\">\n\t\t\t\t\t\t<h3 class=\"rt-item-title\" style=\"\">Salah ELFAHIM<\/h3>\n\t\t\t\t\t\t\t\t\t\t\t\t\t<span class=\"rt-item-designation\" style=\"\">Ancien stagiaire<\/span>\n\t\t\t\t\t\t\t\t\t\n\t\t\t\t\t\t<p class=\"rt-item-content\" style=\"\">Grace \u00e0 l\u2019ITPM de LAAYOUNE, j\u2019ai appris ma passion et trouv\u00e9 ma voie professionnelle.<\/p>\n\t\t\t\t\t<\/div>\n\t\t\t\t<\/div>\n\t\t\t\t\t\t\t\t<\/div>\n<\/div>[\/vc_column][\/vc_row]<\/p>\n","protected":false},"excerpt":{"rendered":"<p>[vc_row full_width=&#8221;stretch_row&#8221; full_height=&#8221;yes&#8221; equal_height=&#8221;yes&#8221; css=&#8221;.vc_custom_1619874051987{padding-top: 0px !important;padding-bottom: 0px !important;background-image: url(https:\/\/itpm-laayoune.ac.ma\/wp-content\/uploads\/2021\/04\/WhatsApp-Image-2021-04-28-at-11.58.08.jpeg?id=2590) !important;background-position: center !important;background-repeat: no-repeat !important;background-size: cover !important;}&#8221;][vc_column width=&#8221;1\/2&#8243; offset=&#8221;vc_col-lg-6 vc_col-md-6&#8243;][\/vc_column][\/vc_row][vc_section full_width=&#8221;stretch_row_content&#8221; content_placement=&#8221;middle&#8221;][vc_row][vc_column width=&#8221;1\/5&#8243;][\/vc_column][vc_column width=&#8221;1\/5&#8243;][\/vc_column][vc_column width=&#8221;1\/5&#8243;][\/vc_column][vc_column width=&#8221;1\/5&#8243;][\/vc_column][vc_column width=&#8221;1\/5&#8243;][\/vc_column][\/vc_row][\/vc_section][vc_row gap=&#8221;10&#8243; content_placement=&#8221;middle&#8221; parallax=&#8221;content-moving-fade&#8221; css=&#8221;.vc_custom_1725311852168{margin-top: 0px !important;margin-right: 0px !important;margin-bottom: 0px !important;margin-left: 0px !important;padding-top: 0px !important;padding-right: 0px !important;padding-bottom: 0px !important;padding-left: 0px !important;}&#8221;][vc_column css=&#8221;.vc_custom_1619191061859{margin-bottom: 5px !important;}&#8221;][\/vc_column][\/vc_row][vc_row gap=&#8221;5&#8243; equal_height=&#8221;yes&#8221; content_placement=&#8221;top&#8221; css=&#8221;.vc_custom_1625313378745{margin-top: 0px [&hellip;]<\/p>\n","protected":false},"author":18,"featured_media":0,"parent":0,"menu_order":0,"comment_status":"closed","ping_status":"closed","template":"","meta":{"footnotes":""},"class_list":["post-54","page","type-page","status-publish","hentry"],"_links":{"self":[{"href":"https:\/\/itpm-laayoune.ac.ma\/index.php?rest_route=\/wp\/v2\/pages\/54","targetHints":{"allow":["GET"]}}],"collection":[{"href":"https:\/\/itpm-laayoune.ac.ma\/index.php?rest_route=\/wp\/v2\/pages"}],"about":[{"href":"https:\/\/itpm-laayoune.ac.ma\/index.php?rest_route=\/wp\/v2\/types\/page"}],"author":[{"embeddable":true,"href":"https:\/\/itpm-laayoune.ac.ma\/index.php?rest_route=\/wp\/v2\/users\/18"}],"replies":[{"embeddable":true,"href":"https:\/\/itpm-laayoune.ac.ma\/index.php?rest_route=%2Fwp%2Fv2%2Fcomments&post=54"}],"version-history":[{"count":359,"href":"https:\/\/itpm-laayoune.ac.ma\/index.php?rest_route=\/wp\/v2\/pages\/54\/revisions"}],"predecessor-version":[{"id":11659,"href":"https:\/\/itpm-laayoune.ac.ma\/index.php?rest_route=\/wp\/v2\/pages\/54\/revisions\/11659"}],"wp:attachment":[{"href":"https:\/\/itpm-laayoune.ac.ma\/index.php?rest_route=%2Fwp%2Fv2%2Fmedia&parent=54"}],"curies":[{"name":"wp","href":"https:\/\/api.w.org\/{rel}","templated":true}]}}