{"id":3252,"date":"2021-07-05T09:49:56","date_gmt":"2021-07-05T09:49:56","guid":{"rendered":"https:\/\/itpm-laayoune.ac.ma\/?page_id=3252"},"modified":"2021-07-05T10:52:52","modified_gmt":"2021-07-05T10:52:52","slug":"moodle","status":"publish","type":"page","link":"https:\/\/itpm-laayoune.ac.ma\/?page_id=3252","title":{"rendered":"Moodle"},"content":{"rendered":"<p>[vc_row][vc_column][vc_text_separator title=&#8221;ACC\u00c8S \u00c0 MES COURS EN LIGNE &#8211; MOODLE&#8221; align=&#8221;align_left&#8221;][\/vc_column][\/vc_row][vc_row][vc_column width=&#8221;1\/4&#8243;][vc_single_image image=&#8221;3197&#8243; img_size=&#8221;full&#8221; css_animation=&#8221;zoomIn&#8221;][\/vc_column][vc_column width=&#8221;3\/4&#8243;][vc_column_text]L&#8217;institut de Technologie des P\u00eaches Maritimes de La\u00e2youne donne acc\u00e8s \u00e0 des cours en ligne via sa plateforme p\u00e9dagogique Moodle. Diverses ressources sont propos\u00e9es sur la plateforme p\u00e9dagogique (contenus multim\u00e9dias, travaux dirig\u00e9s, exercices, devoirs, forums de discussion\u2026), dans le cadre de l\u2019enseignement \u00e0 distance et en compl\u00e9ment de certains enseignements pr\u00e9sentiels.[\/vc_column_text][\/vc_column][\/vc_row][vc_row][vc_column][vc_column_text]<\/p>\n<h4><strong>La plateforme p\u00e9dagogique Moodle permet de :<\/strong><\/h4>\n<ul>\n<li>Acc\u00e9der \u00e0 des cours en ligne : t\u00e9l\u00e9charger des fichiers de cours, visualiser des modules interactifs, r\u00e9pondre \u00e0 des enqu\u00eates, d\u00e9poser des devoirs,&#8230;<\/li>\n<li>G\u00e9rer des formations : inscrire des utilisateurs, effectuer le suivi des apprenants, individuellement ou en groupes, attribuer des notes, consulter des statistiques,&#8230;<\/li>\n<li>Interagir \u00e0 distance : communiquer et collaborer entre enseignants et \u00e9tudiants via une messagerie, des forums, des chats,&#8230;<\/li>\n<\/ul>\n<p>Pour b\u00e9n\u00e9ficier des cours en ligne disponibles \u00e0 ITPML, il faut :<\/p>\n<h5>Pour les \u00e9tudiants :<\/h5>\n<ul>\n<li>\u00catre inscrit administrativement \u00e0 ITPML,<\/li>\n<li>Avoir valid\u00e9 son compte messagerie institutionnelle (prenom.nom@itpm.ac.ma).<\/li>\n<\/ul>\n<h5>Pour les enseignants :<\/h5>\n<ul>\n<li>\u00catre personnel de l\u2019ITPML,<\/li>\n<li>Avoir valid\u00e9 son compte professionnel sur l\u2019ITPML Google Workspace (https:\/\/itpm-laayoune.ac.ma\/?page_id=3209).<\/li>\n<li>Avoir demand\u00e9 la cr\u00e9ation de ses espaces de cours.<\/li>\n<\/ul>\n<p>[\/vc_column_text][vc_btn title=&#8221;`{`Acc\u00e9der \u00e0 la plateforme p\u00e9dagogique`}`&#8221; style=&#8221;3d&#8221; color=&#8221;primary&#8221; size=&#8221;lg&#8221; align=&#8221;center&#8221; i_icon_fontawesome=&#8221;fas fa-chalkboard&#8221; button_block=&#8221;true&#8221; add_icon=&#8221;true&#8221; link=&#8221;url:http%3A%2F%2Fmoodle.itpm-laayoune.ac.ma%2F|target:_blank&#8221;][vc_column_text]<\/p>\n<h5>Documentation \/ Ressources associ\u00e9es :<\/h5>\n<ul>\n<li>Guide d\u2019utilisation plateforme \u2013 \u00c9tudiants<\/li>\n<\/ul>\n<p>[\/vc_column_text][\/vc_column][\/vc_row][vc_section][\/vc_section]<\/p>\n","protected":false},"excerpt":{"rendered":"<p>[vc_row][vc_column][vc_text_separator title=&#8221;ACC\u00c8S \u00c0 MES COURS EN LIGNE &#8211; MOODLE&#8221; align=&#8221;align_left&#8221;][\/vc_column][\/vc_row][vc_row][vc_column width=&#8221;1\/4&#8243;][vc_single_image image=&#8221;3197&#8243; img_size=&#8221;full&#8221; css_animation=&#8221;zoomIn&#8221;][\/vc_column][vc_column width=&#8221;3\/4&#8243;][vc_column_text]L&#8217;institut de Technologie des P\u00eaches Maritimes de La\u00e2youne donne acc\u00e8s \u00e0 des cours en ligne via sa plateforme p\u00e9dagogique Moodle. Diverses ressources sont propos\u00e9es sur la plateforme p\u00e9dagogique (contenus multim\u00e9dias, travaux dirig\u00e9s, exercices, devoirs, forums de discussion\u2026), dans le cadre de [&hellip;]<\/p>\n","protected":false},"author":18,"featured_media":0,"parent":0,"menu_order":0,"comment_status":"closed","ping_status":"closed","template":"","meta":{"footnotes":""},"class_list":["post-3252","page","type-page","status-publish","hentry"],"_links":{"self":[{"href":"https:\/\/itpm-laayoune.ac.ma\/index.php?rest_route=\/wp\/v2\/pages\/3252","targetHints":{"allow":["GET"]}}],"collection":[{"href":"https:\/\/itpm-laayoune.ac.ma\/index.php?rest_route=\/wp\/v2\/pages"}],"about":[{"href":"https:\/\/itpm-laayoune.ac.ma\/index.php?rest_route=\/wp\/v2\/types\/page"}],"author":[{"embeddable":true,"href":"https:\/\/itpm-laayoune.ac.ma\/index.php?rest_route=\/wp\/v2\/users\/18"}],"replies":[{"embeddable":true,"href":"https:\/\/itpm-laayoune.ac.ma\/index.php?rest_route=%2Fwp%2Fv2%2Fcomments&post=3252"}],"version-history":[{"count":14,"href":"https:\/\/itpm-laayoune.ac.ma\/index.php?rest_route=\/wp\/v2\/pages\/3252\/revisions"}],"predecessor-version":[{"id":3267,"href":"https:\/\/itpm-laayoune.ac.ma\/index.php?rest_route=\/wp\/v2\/pages\/3252\/revisions\/3267"}],"wp:attachment":[{"href":"https:\/\/itpm-laayoune.ac.ma\/index.php?rest_route=%2Fwp%2Fv2%2Fmedia&parent=3252"}],"curies":[{"name":"wp","href":"https:\/\/api.w.org\/{rel}","templated":true}]}}