{"id":3094,"date":"2021-05-05T14:18:22","date_gmt":"2021-05-05T14:18:22","guid":{"rendered":"https:\/\/itpm-laayoune.ac.ma\/?page_id=3094"},"modified":"2023-04-06T21:48:26","modified_gmt":"2023-04-06T21:48:26","slug":"mot-de-directeur-2","status":"publish","type":"page","link":"https:\/\/itpm-laayoune.ac.ma\/?page_id=3094","title":{"rendered":"Mot de directeur"},"content":{"rendered":"<p>[vc_section][vc_row][vc_column]<div class=\"rt-vc-text-title  style2\" style=\"\">\n\t\t\t<h2 class=\"rtin-title\">Mot de directeur<\/h2>\n\t\t\t<\/div>[\/vc_column][\/vc_row][vc_row][vc_column width=&#8221;1\/4&#8243;][vc_single_image image=&#8221;3433&#8243; img_size=&#8221;full&#8221; alignment=&#8221;center&#8221; style=&#8221;vc_box_shadow_border_circle_2&#8243;][\/vc_column][vc_column width=&#8221;3\/4&#8243;][vc_column_text]Aujourd\u2019hui le Maroc poss\u00e8de d\u2019importants sites littoraux qui font du pays l\u2019une des cinq r\u00e9gions du monde dot\u00e9es d\u2019une capacit\u00e9 de production de poisson. Le Maroc occupe la premi\u00e8re place dans le monde arabe et le 18\u00e8me rang \u00e0 l\u2019\u00e9chelle international en termes de production halieutique. La p\u00eache donc est un secteur \u00e9conomique important qui contribue de mani\u00e8re significative \u00e0 la cr\u00e9ation de milliers d\u2019emplois. Actuellement le Maroc a une strat\u00e9gie tr\u00e8s pointue de d\u00e9velopper le secteur de la p\u00eache et \u00e9tudier les d\u00e9fis les plus importants auxquels il est confront\u00e9, c\u2019est pourquoi il a lanc\u00e9 en 2009 le projet \u00ab Halieutis \u00bb et a cr\u00e9\u00e9 l\u2019Agence nationale pour l\u2019aquaculture et le d\u00e9veloppement en 2011.<\/p>\n<p>La strat\u00e9gie Halieutis consiste \u00e0 rem\u00e9dier aux contraintes du secteur de la p\u00eache comme\u00a0:la gestion durable des ressources halieutiques,la commercialisation, le maintien de la p\u00eache, le d\u00e9chargement,la vente et la transformation.<\/p>\n<p>Le Maroc vise \u00e0 \u00e9lever le niveau de consommation int\u00e9rieure de poisson \u00e0 travers une s\u00e9rie de mesures visant \u00e0 am\u00e9liorer la qualit\u00e9,\u00e0 augmenter l\u2019offre et \u00e0 assurer l\u2019efficacit\u00e9 des r\u00e9seaux de distribution sur tout le territoire national.<\/p>\n<p>Le secteur de la p\u00eache est l\u2019une des industries alimentaires \u00e0 laquelle le Maroc attache une grande importance afin de maintenir d\u2019une position d\u00e9cente sur un march\u00e9 mondial caract\u00e9ris\u00e9 par une demande croissante de produits marins. Principal exportateur de poisson, le Maroc a modernis\u00e9 les structures de ce secteur en adoptant une politique de modernisation et de d\u00e9veloppement pour pouvoir satisfaire la demande des consommateurs visant une qualit\u00e9 r\u00e9pondant aux nouvelles exigences de consommation.<\/p>\n<p>Dans le contexte de ce nouveau dynamisme que le secteur a connu, la Direction de la Formation Maritime des Gens de Mer et Sauvetage du D\u00e9partement de la P\u00eache Maritime, responsable de la pr\u00e9paration de comp\u00e9tences humaines en adoptant une nouvelle politique pour la gouvernance des \u00e9tablissements de formation maritime. Elle a charg\u00e9 les \u00e9tablissements de formation sous sa tutelle de l\u2019\u00e9laboration de projets d\u2019\u00e9tablissements pour une p\u00e9riode de trois ans.<\/p>\n<p>Le projet d\u2019\u00e9tablissement de L\u2019Institut de Technologie des P\u00eaches Maritimes de La\u00e2youne constitue un cadre de r\u00e9f\u00e9rence des futures r\u00e9alisations r\u00e9gionales, bas\u00e9es sur les donn\u00e9es p\u00e9dagogiques, socio-\u00e9conomiques. Sa vison primordial est d\u2019adapter la formation au march\u00e9 de l\u2019emploi, d\u2019am\u00e9liorer l\u2019environnement estudiantin et de rationaliser la gestion financi\u00e8re de l\u2019\u00e9tablissement.<\/p>\n<p>Je vous laisse d\u00e9couvrir l\u2019Institut de Technologie des P\u00eaches Maritimes de La\u00e2youne.[\/vc_column_text][vc_column_text]<\/p>\n<h4 style=\"text-align: right;\">My. Smail.Khabir<\/h4>\n<h5 style=\"text-align: right;\">Directeur de l\u2019Institut de Technologie des P\u00eaches Maritimes de La\u00e2youne<\/h5>\n<p>[\/vc_column_text][\/vc_column][\/vc_row][\/vc_section]<\/p>\n","protected":false},"excerpt":{"rendered":"<p>[vc_section][vc_row][vc_column][\/vc_column][\/vc_row][vc_row][vc_column width=&#8221;1\/4&#8243;][vc_single_image image=&#8221;3433&#8243; img_size=&#8221;full&#8221; alignment=&#8221;center&#8221; style=&#8221;vc_box_shadow_border_circle_2&#8243;][\/vc_column][vc_column width=&#8221;3\/4&#8243;][vc_column_text]Aujourd\u2019hui le Maroc poss\u00e8de d\u2019importants sites littoraux qui font du pays l\u2019une des cinq r\u00e9gions du monde dot\u00e9es d\u2019une capacit\u00e9 de production de poisson. Le Maroc occupe la premi\u00e8re place dans le monde arabe et le 18\u00e8me rang \u00e0 l\u2019\u00e9chelle international en termes de production halieutique. La p\u00eache donc [&hellip;]<\/p>\n","protected":false},"author":18,"featured_media":0,"parent":0,"menu_order":0,"comment_status":"closed","ping_status":"closed","template":"","meta":{"footnotes":""},"class_list":["post-3094","page","type-page","status-publish","hentry"],"_links":{"self":[{"href":"https:\/\/itpm-laayoune.ac.ma\/index.php?rest_route=\/wp\/v2\/pages\/3094","targetHints":{"allow":["GET"]}}],"collection":[{"href":"https:\/\/itpm-laayoune.ac.ma\/index.php?rest_route=\/wp\/v2\/pages"}],"about":[{"href":"https:\/\/itpm-laayoune.ac.ma\/index.php?rest_route=\/wp\/v2\/types\/page"}],"author":[{"embeddable":true,"href":"https:\/\/itpm-laayoune.ac.ma\/index.php?rest_route=\/wp\/v2\/users\/18"}],"replies":[{"embeddable":true,"href":"https:\/\/itpm-laayoune.ac.ma\/index.php?rest_route=%2Fwp%2Fv2%2Fcomments&post=3094"}],"version-history":[{"count":24,"href":"https:\/\/itpm-laayoune.ac.ma\/index.php?rest_route=\/wp\/v2\/pages\/3094\/revisions"}],"predecessor-version":[{"id":3434,"href":"https:\/\/itpm-laayoune.ac.ma\/index.php?rest_route=\/wp\/v2\/pages\/3094\/revisions\/3434"}],"wp:attachment":[{"href":"https:\/\/itpm-laayoune.ac.ma\/index.php?rest_route=%2Fwp%2Fv2%2Fmedia&parent=3094"}],"curies":[{"name":"wp","href":"https:\/\/api.w.org\/{rel}","templated":true}]}}