{"id":2990,"date":"2021-05-02T00:15:58","date_gmt":"2021-05-02T00:15:58","guid":{"rendered":"https:\/\/itpm-laayoune.ac.ma\/?page_id=2990"},"modified":"2021-05-15T10:55:35","modified_gmt":"2021-05-15T10:55:35","slug":"laayoune","status":"publish","type":"page","link":"https:\/\/itpm-laayoune.ac.ma\/?page_id=2990","title":{"rendered":"La ville des sables LAAYOUNE"},"content":{"rendered":"<p>[vc_row full_height=&#8221;yes&#8221; equal_height=&#8221;yes&#8221; lvca_dark_bg=&#8221;true&#8221;][vc_column css_animation=&#8221;fadeInLeft&#8221; width=&#8221;1\/2&#8243;]<div class=\"rt-vc-text-title  style4\" style=\"\">\n\t\t\t<h2 class=\"rtin-title\">\u00c0 PROPOS DE LA\u00c2YOUNE<\/h2>\n\t\t\t\t<p class=\"rtin-content\">La\u00e2youne est la ville du Maroc et la plus importante du Sahara occidental. Elle est situ\u00e9e au bord de l&#8217;Atlantique, \u00e0 500 km au sud d&#8217;Agadir et \u00e0 400 km \u00e0 l&#8217;ouest de Tindouf, sur la route menant \u00e0 Dakhla.<\/p>\n<p>La r\u00e9gion de La\u00e2youne \u2013 Boujdour \u2013 Sakia El Hamra regroupe les provinces de La\u00e2youne et Boujdour . S\u2019\u00e9tendant sur une superficie de 139.480 Km\u00b2 et avec une population estim\u00e9e \u00e0 197.000 habitants en 1998 dont 94,9% habitent en milieu urbain contre 52,5% au niveau national. Cette r\u00e9gion est limit\u00e9e au Nord par la r\u00e9gion de Guelmim \u2013 Es Smara, au Sud par la r\u00e9gion de Oued Ed Dahab \u2013 Lagouira, \u00e0 l\u2019Est par la R\u00e9publique Islamique de Mauritanie et \u00e0 l\u2019Ouest par l\u2019Oc\u00e9an Atlantique.<\/p>\n\t\t<\/div>[\/vc_column][vc_column width=&#8221;1\/2&#8243;][vc_single_image image=&#8221;2997&#8243; img_size=&#8221;full&#8221; alignment=&#8221;center&#8221; style=&#8221;vc_box_shadow_3d&#8221; onclick=&#8221;link_image&#8221; css_animation=&#8221;fadeInRight&#8221;][\/vc_column][\/vc_row][vc_row css=&#8221;.vc_custom_1619918211639{margin-top: 20px !important;}&#8221;][vc_column css_animation=&#8221;fadeInLeft&#8221; width=&#8221;1\/2&#8243;][vc_single_image image=&#8221;2996&#8243; img_size=&#8221;full&#8221; alignment=&#8221;center&#8221; style=&#8221;vc_box_shadow_3d&#8221; onclick=&#8221;link_image&#8221;][\/vc_column][vc_column css_animation=&#8221;fadeInRight&#8221; width=&#8221;1\/2&#8243;]<div class=\"rt-vc-text-title  style1\" style=\"\">\n\t\t\t<h2 class=\"rtin-title\">Secteurs productifs<\/h2>\n\t\t\t\t<p class=\"rtin-content\">L\u2019\u00e9conomie de cette r\u00e9gion repose essentiellement sur le d\u00e9veloppement des for\u00eats, des p\u00eaches maritimes, du tourisme et des mines (phosphates, sel).<\/p>\n\t\t<\/div>[\/vc_column][\/vc_row][vc_row][vc_column css_animation=&#8221;fadeInLeft&#8221; width=&#8221;1\/2&#8243;]<div class=\"rt-vc-text-title  style1\" style=\"\">\n\t\t\t<h2 class=\"rtin-title\">Que voir dans la r\u00e9gion ?<\/h2>\n\t\t\t\t<p class=\"rtin-content\"><\/p>\n<p class=\"bottom10\">Aux alentours de La\u00e2youne, plusieurs sites touristiques sont \u00e0 voir.<br \/>\nLe Mus\u00e9e Antoine De Saint-Exup\u00e9ry (ville d&#8217;\u00e9criture probable du\u00a0<u>Petit prince<\/u>), les anciens b\u00e2timents utilis\u00e9s par l&#8217;administration espagnole, le M\u00e9morial de Saint-Exup\u00e9ry et les plages sont visibles \u00e0 Tarfaya ; Smara abrite des habitations traditionnelles ; L&#8217;Oasis de Lemsid est l&#8217;endroit parfait pour passer une journ\u00e9e au frais ; Les cascades de Khaoui Naam sont des cascades d&#8217;eau sal\u00e9e qui s&#8217;\u00e9crasent au sol puis s&#8217;\u00e9vaporent en formant un tapis de sel ; Boujdour est un ancien village de p\u00eacheurs avec des plages et des paysages incontournables, un port, un phare, des oeuvres d&#8217;art (notamment le poisson soulev\u00e9 par un poulpe) et des all\u00e9es bord\u00e9es de palmiers et de r\u00e9verb\u00e8res.<\/p>\n<p><\/p>\n\t\t<\/div>[\/vc_column][vc_column width=&#8221;1\/2&#8243;][vc_single_image image=&#8221;2995&#8243; img_size=&#8221;full&#8221; alignment=&#8221;center&#8221; style=&#8221;vc_box_shadow_3d&#8221; onclick=&#8221;link_image&#8221; css_animation=&#8221;fadeInRight&#8221;][\/vc_column][\/vc_row][vc_row full_height=&#8221;yes&#8221; equal_height=&#8221;yes&#8221; content_placement=&#8221;middle&#8221; css_animation=&#8221;slideInUp&#8221; css=&#8221;.vc_custom_1619921118429{background-image: url(https:\/\/itpm-laayoune.ac.ma\/wp-content\/uploads\/2021\/05\/5eb967b7dd506_morocco-laayoune-ville-incontournable-infos-tourisme-maroc.jpg?id=2994) !important;background-position: center !important;background-repeat: no-repeat !important;background-size: cover !important;}&#8221;][vc_column]<div class=\"rt-vc-video rt-dark \">\n\t<div class=\"rtin-item\">\n\t\t\t\t\t<h2 class=\"rtin-title\">La ville des sables<\/h2>\n\t\t\t\t<p class=\"rtin-content\"><\/p>\n\t\t<a class=\"rtin-btn rt-video-popup\" href=\"https:\/\/www.youtube.com\/watch?v=sZuKt1tm0Eg\"><i class=\"fa fa-play\" aria-hidden=\"true\"><\/i><\/a>\n\t<\/div>\n<\/div>[\/vc_column][\/vc_row]<\/p>\n","protected":false},"excerpt":{"rendered":"<p>[vc_row full_height=&#8221;yes&#8221; equal_height=&#8221;yes&#8221; lvca_dark_bg=&#8221;true&#8221;][vc_column css_animation=&#8221;fadeInLeft&#8221; width=&#8221;1\/2&#8243;][\/vc_column][vc_column width=&#8221;1\/2&#8243;][vc_single_image image=&#8221;2997&#8243; img_size=&#8221;full&#8221; alignment=&#8221;center&#8221; style=&#8221;vc_box_shadow_3d&#8221; onclick=&#8221;link_image&#8221; css_animation=&#8221;fadeInRight&#8221;][\/vc_column][\/vc_row][vc_row css=&#8221;.vc_custom_1619918211639{margin-top: 20px !important;}&#8221;][vc_column css_animation=&#8221;fadeInLeft&#8221; width=&#8221;1\/2&#8243;][vc_single_image image=&#8221;2996&#8243; img_size=&#8221;full&#8221; alignment=&#8221;center&#8221; style=&#8221;vc_box_shadow_3d&#8221; onclick=&#8221;link_image&#8221;][\/vc_column][vc_column css_animation=&#8221;fadeInRight&#8221; width=&#8221;1\/2&#8243;][\/vc_column][\/vc_row][vc_row][vc_column css_animation=&#8221;fadeInLeft&#8221; width=&#8221;1\/2&#8243;][\/vc_column][vc_column width=&#8221;1\/2&#8243;][vc_single_image image=&#8221;2995&#8243; img_size=&#8221;full&#8221; alignment=&#8221;center&#8221; style=&#8221;vc_box_shadow_3d&#8221; onclick=&#8221;link_image&#8221; css_animation=&#8221;fadeInRight&#8221;][\/vc_column][\/vc_row][vc_row full_height=&#8221;yes&#8221; equal_height=&#8221;yes&#8221; content_placement=&#8221;middle&#8221; css_animation=&#8221;slideInUp&#8221; css=&#8221;.vc_custom_1619921118429{background-image: url(https:\/\/itpm-laayoune.ac.ma\/wp-content\/uploads\/2021\/05\/5eb967b7dd506_morocco-laayoune-ville-incontournable-infos-tourisme-maroc.jpg?id=2994) !important;background-position: center !important;background-repeat: no-repeat !important;background-size: cover !important;}&#8221;][vc_column][\/vc_column][\/vc_row]<\/p>\n","protected":false},"author":18,"featured_media":0,"parent":0,"menu_order":0,"comment_status":"closed","ping_status":"closed","template":"","meta":{"footnotes":""},"class_list":["post-2990","page","type-page","status-publish","hentry"],"_links":{"self":[{"href":"https:\/\/itpm-laayoune.ac.ma\/index.php?rest_route=\/wp\/v2\/pages\/2990","targetHints":{"allow":["GET"]}}],"collection":[{"href":"https:\/\/itpm-laayoune.ac.ma\/index.php?rest_route=\/wp\/v2\/pages"}],"about":[{"href":"https:\/\/itpm-laayoune.ac.ma\/index.php?rest_route=\/wp\/v2\/types\/page"}],"author":[{"embeddable":true,"href":"https:\/\/itpm-laayoune.ac.ma\/index.php?rest_route=\/wp\/v2\/users\/18"}],"replies":[{"embeddable":true,"href":"https:\/\/itpm-laayoune.ac.ma\/index.php?rest_route=%2Fwp%2Fv2%2Fcomments&post=2990"}],"version-history":[{"count":32,"href":"https:\/\/itpm-laayoune.ac.ma\/index.php?rest_route=\/wp\/v2\/pages\/2990\/revisions"}],"predecessor-version":[{"id":3150,"href":"https:\/\/itpm-laayoune.ac.ma\/index.php?rest_route=\/wp\/v2\/pages\/2990\/revisions\/3150"}],"wp:attachment":[{"href":"https:\/\/itpm-laayoune.ac.ma\/index.php?rest_route=%2Fwp%2Fv2%2Fmedia&parent=2990"}],"curies":[{"name":"wp","href":"https:\/\/api.w.org\/{rel}","templated":true}]}}