{"id":2893,"date":"2021-05-01T15:44:29","date_gmt":"2021-05-01T15:44:29","guid":{"rendered":"https:\/\/itpm-laayoune.ac.ma\/?page_id=2893"},"modified":"2023-04-07T02:33:04","modified_gmt":"2023-04-07T02:33:04","slug":"specialisation","status":"publish","type":"page","link":"https:\/\/itpm-laayoune.ac.ma\/?page_id=2893","title":{"rendered":"Sp\u00e9cialisation"},"content":{"rendered":"<p>[vc_row gap=&#8221;10&#8243; css=&#8221;.vc_custom_1619896466175{padding-top: 20px !important;padding-bottom: 20px !important;background-image: url(https:\/\/itpm-laayoune.ac.ma\/wp-content\/uploads\/2021\/04\/WhatsApp-Image-2021-04-28-at-11.58.09.jpeg?id=2599) !important;background-position: center !important;background-repeat: no-repeat !important;background-size: cover !important;}&#8221;][vc_column][vc_column_text]<\/p>\n<h3 style=\"text-align: center;\"><span style=\"color: #ffffff;\"><strong>ITPM LAAYOUNE<\/strong> assure des modes de formation <strong>diversifi\u00e9s<\/strong> et adapt\u00e9s au milieu professionnel de la <strong>r\u00e9gion<\/strong>.<\/span><\/h3>\n<p>[\/vc_column_text][\/vc_column][\/vc_row][vc_row][vc_column width=&#8221;1\/2&#8243;][vc_single_image image=&#8221;3441&#8243; img_size=&#8221;full&#8221; style=&#8221;vc_box_shadow_3d&#8221;][\/vc_column][vc_column width=&#8221;1\/2&#8243;]<div class=\"rt-vc-text-title  style1\" style=\"\">\n\t\t\t<h2 class=\"rtin-title\">Niveau Sp\u00e9cialisation<\/h2>\n\t\t\t\t<p class=\"rtin-content\">Le <strong>Niveau Sp\u00e9cialisation<\/strong> est pr\u00e9par\u00e9 sur une p\u00e9riode d\u2019<strong>une ann\u00e9e<\/strong>, pour l\u2019obtention des titres suivants :<\/p>\n<ul>\n<li>Licence de Patron de P\u00eache<\/li>\n<li>Permis de Conduite des Moteurs Marins<\/li>\n<li>Certificat de conduite des Moteurs Hors-Bord.<\/li>\n<\/ul>\n<p><\/p>\n\t\t<\/div>[\/vc_column][\/vc_row][vc_row][vc_column]<div class=\"rt-vc-text-title  style2\" style=\"\">\n\t\t\t<h2 class=\"rtin-title\">Mode de formation<\/h2>\n\t\t\t\t<p class=\"rtin-content\"><strong>Le Niveau Sp\u00e9cialisation<\/strong> est pr\u00e9par\u00e9 en mode de formation par <strong>apprentissage<\/strong>.<\/p>\n\t\t<\/div>[\/vc_column][\/vc_row][vc_row][vc_column]<div class=\"rt-vc-text-title  style2\" style=\"\">\n\t\t\t<h2 class=\"rtin-title\">Condition d\u2019admission :<\/h2>\n\t\t\t\t<p class=\"rtin-content\"><\/p>\n<h3>Pour les lyc\u00e9ens<\/h3>\n<ul>\n<li>6\u00e8me ann\u00e9e de l\u2019enseignement fondamental ;<\/li>\n<li>Etre \u00e2g\u00e9 de moins 25 ans ;<\/li>\n<li>Aptitude physique \u00e0 exercer la fonction de marin.<\/li>\n<\/ul>\n<h3>Pour les marins en activit\u00e9<\/h3>\n<ul>\n<li>Certificat d\u2019alphab\u00e9tisation ;<\/li>\n<li>18 mois de navigation effective ;<\/li>\n<li>Ag\u00e9 de moins 40 ans.<\/li>\n<\/ul>\n<p><\/p>\n\t\t<\/div>[\/vc_column][\/vc_row]<\/p>\n","protected":false},"excerpt":{"rendered":"<p>[vc_row gap=&#8221;10&#8243; css=&#8221;.vc_custom_1619896466175{padding-top: 20px !important;padding-bottom: 20px !important;background-image: url(https:\/\/itpm-laayoune.ac.ma\/wp-content\/uploads\/2021\/04\/WhatsApp-Image-2021-04-28-at-11.58.09.jpeg?id=2599) !important;background-position: center !important;background-repeat: no-repeat !important;background-size: cover !important;}&#8221;][vc_column][vc_column_text] ITPM LAAYOUNE assure des modes de formation diversifi\u00e9s et adapt\u00e9s au milieu professionnel de la r\u00e9gion. [\/vc_column_text][\/vc_column][\/vc_row][vc_row][vc_column width=&#8221;1\/2&#8243;][vc_single_image image=&#8221;3441&#8243; img_size=&#8221;full&#8221; style=&#8221;vc_box_shadow_3d&#8221;][\/vc_column][vc_column width=&#8221;1\/2&#8243;][\/vc_column][\/vc_row][vc_row][vc_column][\/vc_column][\/vc_row][vc_row][vc_column][\/vc_column][\/vc_row]<\/p>\n","protected":false},"author":18,"featured_media":0,"parent":0,"menu_order":0,"comment_status":"closed","ping_status":"closed","template":"","meta":{"footnotes":""},"class_list":["post-2893","page","type-page","status-publish","hentry"],"_links":{"self":[{"href":"https:\/\/itpm-laayoune.ac.ma\/index.php?rest_route=\/wp\/v2\/pages\/2893","targetHints":{"allow":["GET"]}}],"collection":[{"href":"https:\/\/itpm-laayoune.ac.ma\/index.php?rest_route=\/wp\/v2\/pages"}],"about":[{"href":"https:\/\/itpm-laayoune.ac.ma\/index.php?rest_route=\/wp\/v2\/types\/page"}],"author":[{"embeddable":true,"href":"https:\/\/itpm-laayoune.ac.ma\/index.php?rest_route=\/wp\/v2\/users\/18"}],"replies":[{"embeddable":true,"href":"https:\/\/itpm-laayoune.ac.ma\/index.php?rest_route=%2Fwp%2Fv2%2Fcomments&post=2893"}],"version-history":[{"count":13,"href":"https:\/\/itpm-laayoune.ac.ma\/index.php?rest_route=\/wp\/v2\/pages\/2893\/revisions"}],"predecessor-version":[{"id":3442,"href":"https:\/\/itpm-laayoune.ac.ma\/index.php?rest_route=\/wp\/v2\/pages\/2893\/revisions\/3442"}],"wp:attachment":[{"href":"https:\/\/itpm-laayoune.ac.ma\/index.php?rest_route=%2Fwp%2Fv2%2Fmedia&parent=2893"}],"curies":[{"name":"wp","href":"https:\/\/api.w.org\/{rel}","templated":true}]}}