{"id":2886,"date":"2021-05-01T14:54:13","date_gmt":"2021-05-01T14:54:13","guid":{"rendered":"https:\/\/itpm-laayoune.ac.ma\/?page_id=2886"},"modified":"2021-05-01T15:58:32","modified_gmt":"2021-05-01T15:58:32","slug":"qualification","status":"publish","type":"page","link":"https:\/\/itpm-laayoune.ac.ma\/?page_id=2886","title":{"rendered":"Qualification"},"content":{"rendered":"<p>[vc_section][vc_row][vc_column width=&#8221;1\/2&#8243;][vc_single_image image=&#8221;2808&#8243; img_size=&#8221;full&#8221; style=&#8221;vc_box_shadow_3d&#8221;][\/vc_column][vc_column width=&#8221;1\/2&#8243;]<div class=\"rt-vc-text-title  style1\" style=\"\">\n\t\t\t<h2 class=\"rtin-title\">Niveau qualification<\/h2>\n\t\t\t\t<p class=\"rtin-content\">Le <strong>Niveau qualification<\/strong> est pr\u00e9par\u00e9 sur une dur\u00e9e de <strong>deux ann\u00e9e<\/strong>s, pour l\u2019obtention du <strong>Certificat d\u2019Aptitude Professionnelle Maritime<\/strong>, option \u00ab <strong>p\u00eache<\/strong> \u00bb ou \u00ab<strong> Machine Marines<\/strong>\u00bb d\u00e9bouchant sur le<strong> brevet de patron de p\u00eache<\/strong> ou le<strong> brevet de m\u00e9canicien pratique<\/strong>, apr\u00e8s les dur\u00e9es de navigation requises.<\/p>\n\t\t<\/div>[\/vc_column][\/vc_row][vc_row][vc_column]<div class=\"rt-vc-text-title  style2\" style=\"\">\n\t\t\t<h2 class=\"rtin-title\">Mode de formation<\/h2>\n\t\t\t\t<p class=\"rtin-content\">Le<strong> Niveau qualification<\/strong> est pr\u00e9par\u00e9 en <strong>formation r\u00e9sidentielle<\/strong> ou par <strong>apprentissage.<\/strong><\/p>\n\t\t<\/div>[\/vc_column][\/vc_row][\/vc_section][vc_row][vc_column width=&#8221;1\/2&#8243;]<div class=\"rt-vc-text-title  style2\" style=\"\">\n\t\t\t<h2 class=\"rtin-title\">Conditions d\u2019admission<\/h2>\n\t\t\t\t<p class=\"rtin-content\"><\/p>\n<h3>Pour les lyc\u00e9ens<\/h3>\n<ul>\n<li>9\u00e8me ann\u00e9e de l\u2019enseignement fondamental ;<\/li>\n<li>Etre \u00e2g\u00e9 de moins 25 ans ;<\/li>\n<li>Aptitude physique \u00e0 exercer la fonction de marin.<\/li>\n<\/ul>\n<h3>Pour les marins en activit\u00e9<\/h3>\n<ul>\n<li>Certificat de sp\u00e9cialisation ;<\/li>\n<li>Ag\u00e9 de moins 40 ans.<\/li>\n<\/ul>\n<p><\/p>\n\t\t<\/div>[\/vc_column][vc_column width=&#8221;1\/2&#8243;][\/vc_column][\/vc_row]<\/p>\n","protected":false},"excerpt":{"rendered":"<p>[vc_section][vc_row][vc_column width=&#8221;1\/2&#8243;][vc_single_image image=&#8221;2808&#8243; img_size=&#8221;full&#8221; style=&#8221;vc_box_shadow_3d&#8221;][\/vc_column][vc_column width=&#8221;1\/2&#8243;][\/vc_column][\/vc_row][vc_row][vc_column][\/vc_column][\/vc_row][\/vc_section][vc_row][vc_column width=&#8221;1\/2&#8243;][\/vc_column][vc_column width=&#8221;1\/2&#8243;][\/vc_column][\/vc_row]<\/p>\n","protected":false},"author":18,"featured_media":0,"parent":0,"menu_order":0,"comment_status":"closed","ping_status":"closed","template":"","meta":{"footnotes":""},"class_list":["post-2886","page","type-page","status-publish","hentry"],"_links":{"self":[{"href":"https:\/\/itpm-laayoune.ac.ma\/index.php?rest_route=\/wp\/v2\/pages\/2886","targetHints":{"allow":["GET"]}}],"collection":[{"href":"https:\/\/itpm-laayoune.ac.ma\/index.php?rest_route=\/wp\/v2\/pages"}],"about":[{"href":"https:\/\/itpm-laayoune.ac.ma\/index.php?rest_route=\/wp\/v2\/types\/page"}],"author":[{"embeddable":true,"href":"https:\/\/itpm-laayoune.ac.ma\/index.php?rest_route=\/wp\/v2\/users\/18"}],"replies":[{"embeddable":true,"href":"https:\/\/itpm-laayoune.ac.ma\/index.php?rest_route=%2Fwp%2Fv2%2Fcomments&post=2886"}],"version-history":[{"count":8,"href":"https:\/\/itpm-laayoune.ac.ma\/index.php?rest_route=\/wp\/v2\/pages\/2886\/revisions"}],"predecessor-version":[{"id":2900,"href":"https:\/\/itpm-laayoune.ac.ma\/index.php?rest_route=\/wp\/v2\/pages\/2886\/revisions\/2900"}],"wp:attachment":[{"href":"https:\/\/itpm-laayoune.ac.ma\/index.php?rest_route=%2Fwp%2Fv2%2Fmedia&parent=2886"}],"curies":[{"name":"wp","href":"https:\/\/api.w.org\/{rel}","templated":true}]}}