{"id":2866,"date":"2021-05-01T13:35:08","date_gmt":"2021-05-01T13:35:08","guid":{"rendered":"https:\/\/itpm-laayoune.ac.ma\/?page_id=2866"},"modified":"2021-05-01T18:50:13","modified_gmt":"2021-05-01T18:50:13","slug":"technicien","status":"publish","type":"page","link":"https:\/\/itpm-laayoune.ac.ma\/?page_id=2866","title":{"rendered":"Technicien"},"content":{"rendered":"<p>[vc_section][vc_row][vc_column width=&#8221;1\/2&#8243;][vc_single_image image=&#8221;2598&#8243; img_size=&#8221;full&#8221; alignment=&#8221;center&#8221; style=&#8221;vc_box_shadow_3d&#8221; css_animation=&#8221;fadeIn&#8221;][\/vc_column][vc_column width=&#8221;1\/2&#8243;]<div class=\"rt-vc-text-title  style1\" style=\"\">\n\t\t\t<h2 class=\"rtin-title\">Niveau technicien<\/h2>\n\t\t\t\t<p class=\"rtin-content\">S\u2019adresse aux <strong>jeunes lyc\u00e9ens<\/strong> et aux <strong>professionnels de la p\u00eache maritime<\/strong>, pour la pr\u00e9paration des dipl\u00f4mes de <strong>niveau technicien<\/strong> :<\/p>\n<ul>\n<li>Dipl\u00f4me de Patron de P\u00eache;<\/li>\n<li>Dipl\u00f4me d\u2019Officier M\u00e9canicien 3\u00e8me Classe ;<\/li>\n<\/ul>\n<p><\/p>\n\t\t<\/div>[\/vc_column][\/vc_row][vc_row][vc_column width=&#8221;3\/4&#8243;]<div class=\"rt-vc-text-title  style2\" style=\"\">\n\t\t\t<h2 class=\"rtin-title\">Mode de formation<\/h2>\n\t\t\t\t<p class=\"rtin-content\">Formation R\u00e9sidentielle, ce mode est pr\u00e9par\u00e9 sur une dur\u00e9e de 2 ann\u00e9es.<\/p>\n\t\t<\/div>[\/vc_column][\/vc_row][vc_row][vc_column width=&#8221;1\/2&#8243;]<div class=\"rt-vc-text-title  style2\" style=\"\">\n\t\t\t<h2 class=\"rtin-title\">Conditions d\u2019admission<\/h2>\n\t\t\t\t<p class=\"rtin-content\"><\/p>\n<h3>Pour les Lyc\u00e9ens :<\/h3>\n<ul>\n<li>Niveau Bac science , technique ou industriel.<\/li>\n<li>Etre \u00e2g\u00e9e de 25 ans.<\/li>\n<\/ul>\n<h3>Pour les Professionnels :<\/h3>\n<ul>\n<li>Etre titulaire du brevet de m\u00e9canicien pratique de patron de p\u00eache c\u00f4ti\u00e8re justifiant du C.A.P.M<\/li>\n<li>Etre \u00e2g\u00e9 de 35 ans maximum<\/li>\n<\/ul>\n<p><\/p>\n\t\t<\/div>[\/vc_column][vc_column width=&#8221;1\/2&#8243;]<div class=\"rt-vc-text-title  style2\" style=\"\">\n\t\t\t<h2 class=\"rtin-title\">Dossier de candidature<\/h2>\n\t\t\t\t<p class=\"rtin-content\"><\/p>\n<h3><strong>\u00a0<\/strong><strong>Le dossier de candidature doit comprendre\u00a0:<\/strong><\/h3>\n<ul>\n<li>Une demande manuscrite\u00a0;<\/li>\n<li>Une copie de la CNI l\u00e9galis\u00e9e\u00a0;<\/li>\n<li>Un relev\u00e9 des notes de la 1<sup>\u00e8re<\/sup>\u00a0ann\u00e9e et du 1<sup>er<\/sup>\u00a0semestre de la 2<sup>\u00e8me<\/sup>\u00a0ann\u00e9e du cycle du baccalaur\u00e9at;<\/li>\n<li>Un certificat de scolarit\u00e9\u00a0;<\/li>\n<li>2 enveloppes timbr\u00e9es mentionnant l\u2019adresse du candidat\u00a0;<\/li>\n<li>2 photos;<\/li>\n<li>Une copie certifi\u00e9e conforme du dipl\u00f4me et relev\u00e9 de navigation pour les candidats professionnels.<\/li>\n<\/ul>\n<p><\/p>\n\t\t<\/div>[\/vc_column][\/vc_row][\/vc_section]<\/p>\n","protected":false},"excerpt":{"rendered":"<p>[vc_section][vc_row][vc_column width=&#8221;1\/2&#8243;][vc_single_image image=&#8221;2598&#8243; img_size=&#8221;full&#8221; alignment=&#8221;center&#8221; style=&#8221;vc_box_shadow_3d&#8221; css_animation=&#8221;fadeIn&#8221;][\/vc_column][vc_column width=&#8221;1\/2&#8243;][\/vc_column][\/vc_row][vc_row][vc_column width=&#8221;3\/4&#8243;][\/vc_column][\/vc_row][vc_row][vc_column width=&#8221;1\/2&#8243;][\/vc_column][vc_column width=&#8221;1\/2&#8243;][\/vc_column][\/vc_row][\/vc_section]<\/p>\n","protected":false},"author":18,"featured_media":0,"parent":54,"menu_order":0,"comment_status":"closed","ping_status":"closed","template":"","meta":{"footnotes":""},"class_list":["post-2866","page","type-page","status-publish","hentry"],"_links":{"self":[{"href":"https:\/\/itpm-laayoune.ac.ma\/index.php?rest_route=\/wp\/v2\/pages\/2866","targetHints":{"allow":["GET"]}}],"collection":[{"href":"https:\/\/itpm-laayoune.ac.ma\/index.php?rest_route=\/wp\/v2\/pages"}],"about":[{"href":"https:\/\/itpm-laayoune.ac.ma\/index.php?rest_route=\/wp\/v2\/types\/page"}],"author":[{"embeddable":true,"href":"https:\/\/itpm-laayoune.ac.ma\/index.php?rest_route=\/wp\/v2\/users\/18"}],"replies":[{"embeddable":true,"href":"https:\/\/itpm-laayoune.ac.ma\/index.php?rest_route=%2Fwp%2Fv2%2Fcomments&post=2866"}],"version-history":[{"count":18,"href":"https:\/\/itpm-laayoune.ac.ma\/index.php?rest_route=\/wp\/v2\/pages\/2866\/revisions"}],"predecessor-version":[{"id":2885,"href":"https:\/\/itpm-laayoune.ac.ma\/index.php?rest_route=\/wp\/v2\/pages\/2866\/revisions\/2885"}],"up":[{"embeddable":true,"href":"https:\/\/itpm-laayoune.ac.ma\/index.php?rest_route=\/wp\/v2\/pages\/54"}],"wp:attachment":[{"href":"https:\/\/itpm-laayoune.ac.ma\/index.php?rest_route=%2Fwp%2Fv2%2Fmedia&parent=2866"}],"curies":[{"name":"wp","href":"https:\/\/api.w.org\/{rel}","templated":true}]}}