{"id":2730,"date":"2021-04-30T10:58:35","date_gmt":"2021-04-30T10:58:35","guid":{"rendered":"https:\/\/itpm-laayoune.ac.ma\/?page_id=2730"},"modified":"2021-05-15T10:34:21","modified_gmt":"2021-05-15T10:34:21","slug":"infrastructure","status":"publish","type":"page","link":"https:\/\/itpm-laayoune.ac.ma\/?page_id=2730","title":{"rendered":"Infrastructure"},"content":{"rendered":"<p>[vc_row content_placement=&#8221;top&#8221; css=&#8221;.vc_custom_1619784246335{background: #eaeaea url(https:\/\/itpm-laayoune.ac.ma\/wp-content\/uploads\/2021\/04\/WhatsApp-Image-2021-04-28-at-11.58.09.jpeg?id=2599) !important;background-position: center !important;background-repeat: no-repeat !important;background-size: cover !important;}&#8221;][vc_column css_animation=&#8221;bounceIn&#8221;][vc_column_text]<\/p>\n<p style=\"text-align: left;\"><span style=\"color: #ffffff;\">Pour\u00a0<strong>renforcer les enseignements<\/strong>\u00a0dispens\u00e9s l\u2019<strong>ITPM de LAAYOUNE<\/strong>\u00a0s\u2019est dot\u00e9 d\u2019\u00e9quipements r\u00e9els, de\u00a0<strong>simulateurs<\/strong>, de\u00a0<strong>mat\u00e9riel de pointe<\/strong>, pour que les stagiaires puissent\u00a0<strong>mettre en pratique<\/strong>\u00a0les connaissances acquises de mani\u00e8re\u00a0<strong>optimale<\/strong>.<\/span><\/p>\n<p>[\/vc_column_text][\/vc_column][\/vc_row][vc_row][vc_column]<div class=\"rt-vc-text-title  style4\" style=\"\">\n\t\t\t<h2 class=\"rtin-title\">Infrastructures<\/h2>\n\t\t\t\t<p class=\"rtin-content\">ITPM occupe 4 Hectare (40 000 m2) de locaux \u00e0 la Ville d\u2019Al Marsa LAAYOUNE.<br \/>\nCet espace\u00a0<strong>d\u00e9di\u00e9 \u00e0 la formation<\/strong>\u00a0permet d\u2019accueillir de\u00a0<strong>nombreux stagiaires<\/strong> tout au long de l\u2019ann\u00e9e. L\u2019ITPM. dispose de :<\/p>\n\t\t<\/div>[\/vc_column][\/vc_row][vc_section][vc_row css=&#8221;.vc_custom_1619784803059{background-position: center !important;background-repeat: no-repeat !important;background-size: cover !important;}&#8221;][vc_column css_animation=&#8221;slideInLeft&#8221; width=&#8221;1\/2&#8243;][vc_single_image image=&#8221;2644&#8243; img_size=&#8221;600&#215;300&#8243; alignment=&#8221;center&#8221; style=&#8221;vc_box_shadow_3d&#8221;][\/vc_column][vc_column css_animation=&#8221;slideInRight&#8221; width=&#8221;1\/2&#8243;]<div class=\"rt-vc-text-title  style2\" style=\"\">\n\t\t\t<h2 class=\"rtin-title\">Navire Ecole AR-Rachid II<\/h2>\n\t\t\t\t<p class=\"rtin-content\">Dot\u00e9 d\u2019instrument de navigation performante, Le Navire Ecole AR-RACHID est un compl\u00e9ment indispensable \u00e0 la formation pratique en mer des \u00e9l\u00e8ves en mati\u00e8re de conduite \u00a0et d\u2019exploitation des navires de p\u00eache.<\/p>\n\t\t<\/div>[\/vc_column][\/vc_row][vc_row][vc_column css_animation=&#8221;slideInLeft&#8221; width=&#8221;1\/2&#8243;]<div class=\"rt-vc-text-title  style2\" style=\"\">\n\t\t\t<h2 class=\"rtin-title\">Salle simulateur de p\u00eache, de navigation et de man\u0153uvres.<\/h2>\n\t\t\t\t<p class=\"rtin-content\">Les stagiaires peuvent appliquer toutes les techniques de navigation, utiliser les derniers \u00e9quipements technologiques et simuler les conditions de navigation, ce qui le rapproche vers la r\u00e9alit\u00e9.<\/p>\n<h3>Ce simulateur est compos\u00e9 de\u00a0:<\/h3>\n<ul>\n<li>Une cabine instructeur<\/li>\n<li>Salle de briefing et d\u00e9briefing<\/li>\n<li>Passerelle secondaire (canaux assurant un champ de visualisation de 120\u00b0)<\/li>\n<li>Passerelle principale de p\u00eache, de navigation et de man\u0153uvre avec une sc\u00e8ne d\u2019un champ visuel horizontal de 240 degr\u00e9s,<\/li>\n<li>En plus des \u00e9quipements et logiciel de bord pour assurer les op\u00e9rations de conduite et d&#8217;exploitation d&#8217;un navire de p\u00eache.<\/li>\n<\/ul>\n<p><\/p>\n\t\t<\/div>[\/vc_column][vc_column css_animation=&#8221;slideInRight&#8221; width=&#8221;1\/2&#8243;][vc_single_image image=&#8221;2636&#8243; img_size=&#8221;600&#215;300&#8243; alignment=&#8221;center&#8221; style=&#8221;vc_box_shadow_3d&#8221;][\/vc_column][\/vc_row][vc_row][vc_column]<div class=\"rt-vc-text-title  style2\" style=\"\">\n\t\t\t<h2 class=\"rtin-title\">Bassin des essais des engins de survie et de sauvetage.<\/h2>\n\t\t\t<\/div>[\/vc_column][\/vc_row][vc_row][vc_column css_animation=&#8221;fadeInUp&#8221; width=&#8221;1\/3&#8243;][vc_single_image image=&#8221;2643&#8243; img_size=&#8221;300&#215;150&#8243; alignment=&#8221;center&#8221; style=&#8221;vc_box_shadow&#8221; onclick=&#8221;link_image&#8221;][\/vc_column][vc_column css_animation=&#8221;fadeInUp&#8221; width=&#8221;1\/3&#8243;][vc_single_image image=&#8221;2641&#8243; img_size=&#8221;300&#215;150&#8243; alignment=&#8221;center&#8221; style=&#8221;vc_box_shadow&#8221; onclick=&#8221;link_image&#8221;][\/vc_column][vc_column css_animation=&#8221;fadeInUp&#8221; width=&#8221;1\/3&#8243;][vc_single_image image=&#8221;2637&#8243; img_size=&#8221;300&#215;150&#8243; alignment=&#8221;center&#8221; style=&#8221;vc_box_shadow&#8221; onclick=&#8221;link_image&#8221;][\/vc_column][\/vc_row][\/vc_section][vc_section][vc_row][vc_column]<div class=\"rt-vc-text-title  style2\" style=\"\">\n\t\t\t<h2 class=\"rtin-title\">Centre de s\u00e9curit\u00e9.<\/h2>\n\t\t\t<\/div>[\/vc_column][\/vc_row][vc_row][vc_column css_animation=&#8221;fadeInUp&#8221; width=&#8221;1\/3&#8243;][vc_single_image image=&#8221;2633&#8243; img_size=&#8221;300&#215;150&#8243; alignment=&#8221;center&#8221; style=&#8221;vc_box_shadow&#8221; onclick=&#8221;link_image&#8221;][\/vc_column][vc_column css_animation=&#8221;fadeInUp&#8221; width=&#8221;1\/3&#8243;][vc_single_image image=&#8221;2236&#8243; img_size=&#8221;300&#215;150&#8243; alignment=&#8221;center&#8221; style=&#8221;vc_box_shadow&#8221; onclick=&#8221;link_image&#8221;][\/vc_column][vc_column css_animation=&#8221;fadeInUp&#8221; width=&#8221;1\/3&#8243;][vc_single_image image=&#8221;2620&#8243; img_size=&#8221;300&#215;150&#8243; alignment=&#8221;center&#8221; style=&#8221;vc_box_shadow&#8221; onclick=&#8221;link_image&#8221;][\/vc_column][\/vc_row][\/vc_section][vc_section][\/vc_section][vc_row][vc_column width=&#8221;1\/2&#8243;]<div class=\"rt-vc-text-title  style2\" style=\"\">\n\t\t\t<h2 class=\"rtin-title\">Bloc administratif<\/h2>\n\t\t\t\t<p class=\"rtin-content\"><\/p>\n<ul>\n<li>08 Bureau de Direction.<\/li>\n<li>Salle polyvalente.<\/li>\n<li>Salle des invit\u00e9s.<\/li>\n<li>salle des formateurs.<\/li>\n<\/ul>\n<p><\/p>\n\t\t<\/div>[\/vc_column][vc_column width=&#8221;1\/2&#8243;]<div class=\"rt-vc-text-title  style2\" style=\"\">\n\t\t\t<h2 class=\"rtin-title\">Bloc r\u00e9fectoires et cuisine<\/h2>\n\t\t\t\t<p class=\"rtin-content\"><\/p>\n<ul>\n<li>R\u00e9fectoire des stagiaires.<\/li>\n<li>R\u00e9fectoire des formateurs.<\/li>\n<li>Cuisine.<\/li>\n<li>Magasin.<\/li>\n<li>Maison d\u2019h\u00f4te.<\/li>\n<\/ul>\n<p><\/p>\n\t\t<\/div>[\/vc_column][\/vc_row][vc_row][vc_column width=&#8221;1\/2&#8243;]<div class=\"rt-vc-text-title  style2\" style=\"\">\n\t\t\t<h2 class=\"rtin-title\">Bloc p\u00e9dagogique<\/h2>\n\t\t\t\t<p class=\"rtin-content\"><\/p>\n<ul>\n<li>Bureau de directeur des \u00e9tudes.<\/li>\n<li>Bureau p\u00e9dagogique.<\/li>\n<li>Bureau de la surveillance g\u00e9n\u00e9rale.<\/li>\n<li>Salle d\u2019informatique.<\/li>\n<li>Salle Dessin et Carte Marine.<\/li>\n<li>Salle des appareils de navigation<\/li>\n<li>Classes de cours th\u00e9oriques<\/li>\n<\/ul>\n<p><\/p>\n\t\t<\/div>[\/vc_column][vc_column width=&#8221;1\/2&#8243;]<div class=\"rt-vc-text-title  style2\" style=\"\">\n\t\t\t<h2 class=\"rtin-title\">Bloc des ateliers<\/h2>\n\t\t\t\t<p class=\"rtin-content\"><\/p>\n<ul>\n<li>Ateliers T.P. Matelotage et Ramendage.<\/li>\n<li>Ateliers T.P. Fer (Ajustage \u2013 Tour \u2013 soudure).<\/li>\n<li>Ateliers T.P. Machines Marines et Hydraulique.<\/li>\n<li>Ateliers T.P. d\u2019Electricit\u00e9 et Pneumatique.<\/li>\n<li>Atelier T.P de r\u00e9paration du moteur machine<\/li>\n<li>Labo T.P. de Froid.<\/li>\n<\/ul>\n<p><\/p>\n\t\t<\/div>[\/vc_column][\/vc_row][vc_row full_width=&#8221;stretch_row&#8221; full_height=&#8221;yes&#8221; equal_height=&#8221;yes&#8221; css=&#8221;.vc_custom_1619790143413{background-position: center !important;background-repeat: no-repeat !important;background-size: cover !important;}&#8221;][vc_column]<div class=\"rt-vc-video rt-light vc_custom_1619790166477\">\n\t<div class=\"rtin-item\">\n\t\t\t\t\t<h2 class=\"rtin-title\">D\u00e9couvrir ITPM<\/h2>\n\t\t\t\t<p class=\"rtin-content\">D\u00e9couvrez en visite virtuelle l&#8217;Institut de technologie des p\u00eaches maritimes de La\u00e2youne.<\/p>\n<p><\/p>\n\t\t<a class=\"rtin-btn rt-video-popup\" href=\"https:\/\/www.youtube.com\/watch?v=XaG0AKVGeQs\"><i class=\"fa fa-play\" aria-hidden=\"true\"><\/i><\/a>\n\t<\/div>\n<\/div>[\/vc_column][\/vc_row]<\/p>\n","protected":false},"excerpt":{"rendered":"<p>[vc_row content_placement=&#8221;top&#8221; css=&#8221;.vc_custom_1619784246335{background: #eaeaea url(https:\/\/itpm-laayoune.ac.ma\/wp-content\/uploads\/2021\/04\/WhatsApp-Image-2021-04-28-at-11.58.09.jpeg?id=2599) !important;background-position: center !important;background-repeat: no-repeat !important;background-size: cover !important;}&#8221;][vc_column css_animation=&#8221;bounceIn&#8221;][vc_column_text] Pour\u00a0renforcer les enseignements\u00a0dispens\u00e9s l\u2019ITPM de LAAYOUNE\u00a0s\u2019est dot\u00e9 d\u2019\u00e9quipements r\u00e9els, de\u00a0simulateurs, de\u00a0mat\u00e9riel de pointe, pour que les stagiaires puissent\u00a0mettre en pratique\u00a0les connaissances acquises de mani\u00e8re\u00a0optimale. [\/vc_column_text][\/vc_column][\/vc_row][vc_row][vc_column][\/vc_column][\/vc_row][vc_section][vc_row css=&#8221;.vc_custom_1619784803059{background-position: center !important;background-repeat: no-repeat !important;background-size: cover !important;}&#8221;][vc_column css_animation=&#8221;slideInLeft&#8221; width=&#8221;1\/2&#8243;][vc_single_image image=&#8221;2644&#8243; img_size=&#8221;600&#215;300&#8243; alignment=&#8221;center&#8221; style=&#8221;vc_box_shadow_3d&#8221;][\/vc_column][vc_column css_animation=&#8221;slideInRight&#8221; width=&#8221;1\/2&#8243;][\/vc_column][\/vc_row][vc_row][vc_column css_animation=&#8221;slideInLeft&#8221; width=&#8221;1\/2&#8243;][\/vc_column][vc_column [&hellip;]<\/p>\n","protected":false},"author":18,"featured_media":0,"parent":0,"menu_order":0,"comment_status":"closed","ping_status":"closed","template":"","meta":{"footnotes":""},"class_list":["post-2730","page","type-page","status-publish","hentry"],"_links":{"self":[{"href":"https:\/\/itpm-laayoune.ac.ma\/index.php?rest_route=\/wp\/v2\/pages\/2730","targetHints":{"allow":["GET"]}}],"collection":[{"href":"https:\/\/itpm-laayoune.ac.ma\/index.php?rest_route=\/wp\/v2\/pages"}],"about":[{"href":"https:\/\/itpm-laayoune.ac.ma\/index.php?rest_route=\/wp\/v2\/types\/page"}],"author":[{"embeddable":true,"href":"https:\/\/itpm-laayoune.ac.ma\/index.php?rest_route=\/wp\/v2\/users\/18"}],"replies":[{"embeddable":true,"href":"https:\/\/itpm-laayoune.ac.ma\/index.php?rest_route=%2Fwp%2Fv2%2Fcomments&post=2730"}],"version-history":[{"count":70,"href":"https:\/\/itpm-laayoune.ac.ma\/index.php?rest_route=\/wp\/v2\/pages\/2730\/revisions"}],"predecessor-version":[{"id":3148,"href":"https:\/\/itpm-laayoune.ac.ma\/index.php?rest_route=\/wp\/v2\/pages\/2730\/revisions\/3148"}],"wp:attachment":[{"href":"https:\/\/itpm-laayoune.ac.ma\/index.php?rest_route=%2Fwp%2Fv2%2Fmedia&parent=2730"}],"curies":[{"name":"wp","href":"https:\/\/api.w.org\/{rel}","templated":true}]}}